{"id":8689,"date":"2025-06-18T18:21:58","date_gmt":"2025-06-18T21:21:58","guid":{"rendered":"https:\/\/thecarbonsink.com\/ar\/?page_id=8689"},"modified":"2025-06-30T18:49:56","modified_gmt":"2025-06-30T21:49:56","slug":"eventos-carbono-neutro","status":"publish","type":"page","link":"https:\/\/thecarbonsink.com\/ar\/eventos-carbono-neutro\/","title":{"rendered":"Eventos Carbono Neutro"},"content":{"rendered":"[vc_row type=\u00bbin_container\u00bb full_screen_row_position=\u00bbmiddle\u00bb column_margin=\u00bbdefault\u00bb column_direction=\u00bbdefault\u00bb column_direction_tablet=\u00bbdefault\u00bb column_direction_phone=\u00bbdefault\u00bb scene_position=\u00bbcenter\u00bb bottom_padding=\u00bb64&#8243; text_color=\u00bbdark\u00bb text_align=\u00bbleft\u00bb row_border_radius=\u00bbnone\u00bb row_border_radius_applies=\u00bbbg\u00bb overlay_strength=\u00bb0.3&#8243; gradient_direction=\u00bbleft_to_right\u00bb shape_divider_position=\u00bbbottom\u00bb bg_image_animation=\u00bbnone\u00bb shape_type=\u00bb\u00bb][vc_column column_padding=\u00bbno-extra-padding\u00bb column_padding_tablet=\u00bbinherit\u00bb column_padding_phone=\u00bbinherit\u00bb column_padding_position=\u00bball\u00bb background_color_opacity=\u00bb1&#8243; background_hover_color_opacity=\u00bb1&#8243; column_shadow=\u00bbnone\u00bb column_border_radius=\u00bbnone\u00bb column_link_target=\u00bb_self\u00bb gradient_direction=\u00bbleft_to_right\u00bb overlay_strength=\u00bb0.3&#8243; width=\u00bb1\/2&#8243; tablet_width_inherit=\u00bbdefault\u00bb tablet_text_alignment=\u00bbdefault\u00bb phone_text_alignment=\u00bbdefault\u00bb column_border_width=\u00bbnone\u00bb column_border_style=\u00bbsolid\u00bb bg_image_animation=\u00bbnone\u00bb][divider line_type=\u00bbNo Line\u00bb custom_height=\u00bb10&#8243;][image_with_animation image_url=\u00bb8715&#8243; animation=\u00bbFlip In\u00bb hover_animation=\u00bbnone\u00bb alignment=\u00bb\u00bb border_radius=\u00bb5px\u00bb box_shadow=\u00bbmedium_depth\u00bb image_loading=\u00bbdefault\u00bb max_width=\u00bb100%\u00bb max_width_mobile=\u00bbdefault\u00bb][\/vc_column][vc_column column_padding=\u00bbno-extra-padding\u00bb column_padding_tablet=\u00bbinherit\u00bb column_padding_phone=\u00bbinherit\u00bb column_padding_position=\u00bball\u00bb background_color_opacity=\u00bb1&#8243; background_hover_color_opacity=\u00bb1&#8243; column_shadow=\u00bbnone\u00bb column_border_radius=\u00bbnone\u00bb column_link_target=\u00bb_self\u00bb gradient_direction=\u00bbleft_to_right\u00bb overlay_strength=\u00bb0.3&#8243; width=\u00bb1\/2&#8243; tablet_width_inherit=\u00bbdefault\u00bb tablet_text_alignment=\u00bbdefault\u00bb phone_text_alignment=\u00bbdefault\u00bb column_border_width=\u00bbnone\u00bb column_border_style=\u00bbsolid\u00bb bg_image_animation=\u00bbnone\u00bb][vc_column_text]\n<h2 style=\"color: #ff536f;\">Eventos Carbono Neutro<\/h2>\n[\/vc_column_text][vc_column_text]<span style=\"font-weight: 400;\">Tecnolog\u00eda y soporte t\u00e9cnico para medir, reportar y actuar frente al impacto clim\u00e1tico de tu evento.<\/span><\/p>\n<p><span style=\"font-weight: 400;\">En The Carbon Sink desarrollamos una soluci\u00f3n espec\u00edfica para eventos masivos, como festivales, ferias, congresos, exposiciones o encuentros deportivos, que movilizan grandes vol\u00famenes de p\u00fablico, recursos y log\u00edstica.\u00a0<\/span><\/p>\n<p><span style=\"font-weight: 400;\">A trav\u00e9s de nuestra plataforma digital y el acompa\u00f1amiento de nuestro equipo t\u00e9cnico, te ayudamos a medir la huella de carbono generada, visualizarla en tiempo real y reportarla con claridad y trazabilidad.<\/span>[\/vc_column_text][nectar_btn size=\u00bblarge\u00bb button_style=\u00bbregular\u00bb button_color_2=\u00bbAccent-Color\u00bb icon_family=\u00bbnone\u00bb text=\u00bb\u00a1Hablemos!\u00bb url=\u00bbhttps:\/\/thecarbonsink.com\/ar\/contacto\u00bb][\/vc_column][\/vc_row]\n","protected":false},"excerpt":{"rendered":"<p>[vc_row type=\u00bbin_container\u00bb full_screen_row_position=\u00bbmiddle\u00bb column_margin=\u00bbdefault\u00bb column_direction=\u00bbdefault\u00bb column_direction_tablet=\u00bbdefault\u00bb column_direction_phone=\u00bbdefault\u00bb scene_position=\u00bbcenter\u00bb bottom_padding=\u00bb64&#8243; text_color=\u00bbdark\u00bb text_align=\u00bbleft\u00bb row_border_radius=\u00bbnone\u00bb row_border_radius_applies=\u00bbbg\u00bb overlay_strength=\u00bb0.3&#8243; gradient_direction=\u00bbleft_to_right\u00bb shape_divider_position=\u00bbbottom\u00bb bg_image_animation=\u00bbnone\u00bb shape_type=\u00bb\u00bb][vc_column column_padding=\u00bbno-extra-padding\u00bb column_padding_tablet=\u00bbinherit\u00bb column_padding_phone=\u00bbinherit\u00bb column_padding_position=\u00bball\u00bb background_color_opacity=\u00bb1&#8243; background_hover_color_opacity=\u00bb1&#8243; column_shadow=\u00bbnone\u00bb&#8230;<\/p>\n","protected":false},"author":58,"featured_media":0,"parent":0,"menu_order":0,"comment_status":"closed","ping_status":"closed","template":"","meta":{"inline_featured_image":false,"footnotes":""},"class_list":["post-8689","page","type-page","status-publish"],"yoast_head":"<!-- This site is optimized with the Yoast SEO plugin v25.3 - https:\/\/yoast.com\/wordpress\/plugins\/seo\/ -->\n<title>Eventos Carbono Neutro - The Carbon Sink Argentina<\/title>\n<meta name=\"robots\" content=\"index, follow, max-snippet:-1, max-image-preview:large, max-video-preview:-1\" \/>\n<link rel=\"canonical\" href=\"https:\/\/thecarbonsink.com\/ar\/eventos-carbono-neutro\/\" \/>\n<meta property=\"og:locale\" content=\"es_ES\" \/>\n<meta property=\"og:type\" content=\"article\" \/>\n<meta property=\"og:title\" content=\"Eventos Carbono Neutro - The Carbon Sink Argentina\" \/>\n<meta property=\"og:description\" content=\"[vc_row type=\u00bbin_container\u00bb full_screen_row_position=\u00bbmiddle\u00bb column_margin=\u00bbdefault\u00bb column_direction=\u00bbdefault\u00bb column_direction_tablet=\u00bbdefault\u00bb column_direction_phone=\u00bbdefault\u00bb scene_position=\u00bbcenter\u00bb bottom_padding=\u00bb64&#8243; text_color=\u00bbdark\u00bb text_align=\u00bbleft\u00bb row_border_radius=\u00bbnone\u00bb row_border_radius_applies=\u00bbbg\u00bb overlay_strength=\u00bb0.3&#8243; gradient_direction=\u00bbleft_to_right\u00bb shape_divider_position=\u00bbbottom\u00bb bg_image_animation=\u00bbnone\u00bb shape_type=\u00bb\u00bb][vc_column column_padding=\u00bbno-extra-padding\u00bb column_padding_tablet=\u00bbinherit\u00bb column_padding_phone=\u00bbinherit\u00bb column_padding_position=\u00bball\u00bb background_color_opacity=\u00bb1&#8243; background_hover_color_opacity=\u00bb1&#8243; column_shadow=\u00bbnone\u00bb...\" \/>\n<meta property=\"og:url\" content=\"https:\/\/thecarbonsink.com\/ar\/eventos-carbono-neutro\/\" \/>\n<meta property=\"og:site_name\" content=\"The Carbon Sink Argentina\" \/>\n<meta property=\"article:modified_time\" content=\"2025-06-30T21:49:56+00:00\" \/>\n<meta name=\"twitter:card\" content=\"summary_large_image\" \/>\n<meta name=\"twitter:label1\" content=\"Tiempo de lectura\" \/>\n\t<meta name=\"twitter:data1\" content=\"1 minuto\" \/>\n<script type=\"application\/ld+json\" class=\"yoast-schema-graph\">{\"@context\":\"https:\/\/schema.org\",\"@graph\":[{\"@type\":\"WebPage\",\"@id\":\"https:\/\/thecarbonsink.com\/ar\/eventos-carbono-neutro\/\",\"url\":\"https:\/\/thecarbonsink.com\/ar\/eventos-carbono-neutro\/\",\"name\":\"Eventos Carbono Neutro - The Carbon Sink Argentina\",\"isPartOf\":{\"@id\":\"https:\/\/thecarbonsink.com\/ar\/#website\"},\"datePublished\":\"2025-06-18T21:21:58+00:00\",\"dateModified\":\"2025-06-30T21:49:56+00:00\",\"breadcrumb\":{\"@id\":\"https:\/\/thecarbonsink.com\/ar\/eventos-carbono-neutro\/#breadcrumb\"},\"inLanguage\":\"es\",\"potentialAction\":[{\"@type\":\"ReadAction\",\"target\":[\"https:\/\/thecarbonsink.com\/ar\/eventos-carbono-neutro\/\"]}]},{\"@type\":\"BreadcrumbList\",\"@id\":\"https:\/\/thecarbonsink.com\/ar\/eventos-carbono-neutro\/#breadcrumb\",\"itemListElement\":[{\"@type\":\"ListItem\",\"position\":1,\"name\":\"Portada\",\"item\":\"https:\/\/thecarbonsink.com\/ar\/\"},{\"@type\":\"ListItem\",\"position\":2,\"name\":\"Eventos Carbono Neutro\"}]},{\"@type\":\"WebSite\",\"@id\":\"https:\/\/thecarbonsink.com\/ar\/#website\",\"url\":\"https:\/\/thecarbonsink.com\/ar\/\",\"name\":\"The Carbon Sink Argentina\",\"description\":\"Med\u00ed tu huella de carbono\",\"potentialAction\":[{\"@type\":\"SearchAction\",\"target\":{\"@type\":\"EntryPoint\",\"urlTemplate\":\"https:\/\/thecarbonsink.com\/ar\/?s={search_term_string}\"},\"query-input\":{\"@type\":\"PropertyValueSpecification\",\"valueRequired\":true,\"valueName\":\"search_term_string\"}}],\"inLanguage\":\"es\"}]}<\/script>\n<!-- \/ Yoast SEO plugin. -->","yoast_head_json":{"title":"Eventos Carbono Neutro - The Carbon Sink Argentina","robots":{"index":"index","follow":"follow","max-snippet":"max-snippet:-1","max-image-preview":"max-image-preview:large","max-video-preview":"max-video-preview:-1"},"canonical":"https:\/\/thecarbonsink.com\/ar\/eventos-carbono-neutro\/","og_locale":"es_ES","og_type":"article","og_title":"Eventos Carbono Neutro - The Carbon Sink Argentina","og_description":"[vc_row type=\u00bbin_container\u00bb full_screen_row_position=\u00bbmiddle\u00bb column_margin=\u00bbdefault\u00bb column_direction=\u00bbdefault\u00bb column_direction_tablet=\u00bbdefault\u00bb column_direction_phone=\u00bbdefault\u00bb scene_position=\u00bbcenter\u00bb bottom_padding=\u00bb64&#8243; text_color=\u00bbdark\u00bb text_align=\u00bbleft\u00bb row_border_radius=\u00bbnone\u00bb row_border_radius_applies=\u00bbbg\u00bb overlay_strength=\u00bb0.3&#8243; gradient_direction=\u00bbleft_to_right\u00bb shape_divider_position=\u00bbbottom\u00bb bg_image_animation=\u00bbnone\u00bb shape_type=\u00bb\u00bb][vc_column column_padding=\u00bbno-extra-padding\u00bb column_padding_tablet=\u00bbinherit\u00bb column_padding_phone=\u00bbinherit\u00bb column_padding_position=\u00bball\u00bb background_color_opacity=\u00bb1&#8243; background_hover_color_opacity=\u00bb1&#8243; column_shadow=\u00bbnone\u00bb...","og_url":"https:\/\/thecarbonsink.com\/ar\/eventos-carbono-neutro\/","og_site_name":"The Carbon Sink Argentina","article_modified_time":"2025-06-30T21:49:56+00:00","twitter_card":"summary_large_image","twitter_misc":{"Tiempo de lectura":"1 minuto"},"schema":{"@context":"https:\/\/schema.org","@graph":[{"@type":"WebPage","@id":"https:\/\/thecarbonsink.com\/ar\/eventos-carbono-neutro\/","url":"https:\/\/thecarbonsink.com\/ar\/eventos-carbono-neutro\/","name":"Eventos Carbono Neutro - The Carbon Sink Argentina","isPartOf":{"@id":"https:\/\/thecarbonsink.com\/ar\/#website"},"datePublished":"2025-06-18T21:21:58+00:00","dateModified":"2025-06-30T21:49:56+00:00","breadcrumb":{"@id":"https:\/\/thecarbonsink.com\/ar\/eventos-carbono-neutro\/#breadcrumb"},"inLanguage":"es","potentialAction":[{"@type":"ReadAction","target":["https:\/\/thecarbonsink.com\/ar\/eventos-carbono-neutro\/"]}]},{"@type":"BreadcrumbList","@id":"https:\/\/thecarbonsink.com\/ar\/eventos-carbono-neutro\/#breadcrumb","itemListElement":[{"@type":"ListItem","position":1,"name":"Portada","item":"https:\/\/thecarbonsink.com\/ar\/"},{"@type":"ListItem","position":2,"name":"Eventos Carbono Neutro"}]},{"@type":"WebSite","@id":"https:\/\/thecarbonsink.com\/ar\/#website","url":"https:\/\/thecarbonsink.com\/ar\/","name":"The Carbon Sink Argentina","description":"Med\u00ed tu huella de carbono","potentialAction":[{"@type":"SearchAction","target":{"@type":"EntryPoint","urlTemplate":"https:\/\/thecarbonsink.com\/ar\/?s={search_term_string}"},"query-input":{"@type":"PropertyValueSpecification","valueRequired":true,"valueName":"search_term_string"}}],"inLanguage":"es"}]}},"_links":{"self":[{"href":"https:\/\/thecarbonsink.com\/ar\/wp-json\/wp\/v2\/pages\/8689"}],"collection":[{"href":"https:\/\/thecarbonsink.com\/ar\/wp-json\/wp\/v2\/pages"}],"about":[{"href":"https:\/\/thecarbonsink.com\/ar\/wp-json\/wp\/v2\/types\/page"}],"author":[{"embeddable":true,"href":"https:\/\/thecarbonsink.com\/ar\/wp-json\/wp\/v2\/users\/58"}],"replies":[{"embeddable":true,"href":"https:\/\/thecarbonsink.com\/ar\/wp-json\/wp\/v2\/comments?post=8689"}],"version-history":[{"count":3,"href":"https:\/\/thecarbonsink.com\/ar\/wp-json\/wp\/v2\/pages\/8689\/revisions"}],"predecessor-version":[{"id":8716,"href":"https:\/\/thecarbonsink.com\/ar\/wp-json\/wp\/v2\/pages\/8689\/revisions\/8716"}],"wp:attachment":[{"href":"https:\/\/thecarbonsink.com\/ar\/wp-json\/wp\/v2\/media?parent=8689"}],"curies":[{"name":"wp","href":"https:\/\/api.w.org\/{rel}","templated":true}]}}