{"id":8668,"date":"2025-06-18T17:26:44","date_gmt":"2025-06-18T20:26:44","guid":{"rendered":"https:\/\/thecarbonsink.com\/ar\/?page_id=8668"},"modified":"2025-06-18T18:30:30","modified_gmt":"2025-06-18T21:30:30","slug":"carbon-trading","status":"publish","type":"page","link":"https:\/\/thecarbonsink.com\/ar\/carbon-trading\/","title":{"rendered":"Carbon Trading"},"content":{"rendered":"[vc_row type=\u00bbin_container\u00bb full_screen_row_position=\u00bbmiddle\u00bb column_margin=\u00bbdefault\u00bb column_direction=\u00bbdefault\u00bb column_direction_tablet=\u00bbdefault\u00bb column_direction_phone=\u00bbdefault\u00bb scene_position=\u00bbcenter\u00bb bottom_padding=\u00bb80px\u00bb text_color=\u00bbdark\u00bb text_align=\u00bbleft\u00bb row_border_radius=\u00bbnone\u00bb row_border_radius_applies=\u00bbbg\u00bb overlay_strength=\u00bb0.3&#8243; gradient_direction=\u00bbleft_to_right\u00bb shape_divider_position=\u00bbbottom\u00bb bg_image_animation=\u00bbnone\u00bb shape_type=\u00bb\u00bb][vc_column column_padding=\u00bbno-extra-padding\u00bb column_padding_tablet=\u00bbinherit\u00bb column_padding_phone=\u00bbinherit\u00bb column_padding_position=\u00bball\u00bb background_color_opacity=\u00bb1&#8243; background_hover_color_opacity=\u00bb1&#8243; column_shadow=\u00bbnone\u00bb column_border_radius=\u00bbnone\u00bb column_link_target=\u00bb_self\u00bb gradient_direction=\u00bbleft_to_right\u00bb overlay_strength=\u00bb0.3&#8243; width=\u00bb1\/2&#8243; tablet_width_inherit=\u00bbdefault\u00bb tablet_text_alignment=\u00bbdefault\u00bb phone_text_alignment=\u00bbdefault\u00bb column_border_width=\u00bbnone\u00bb column_border_style=\u00bbsolid\u00bb bg_image_animation=\u00bbnone\u00bb][divider line_type=\u00bbNo Line\u00bb custom_height=\u00bb10&#8243;][image_with_animation image_url=\u00bb8669&#8243; animation=\u00bbFade In\u00bb hover_animation=\u00bbnone\u00bb alignment=\u00bb\u00bb border_radius=\u00bbnone\u00bb box_shadow=\u00bbnone\u00bb image_loading=\u00bbdefault\u00bb max_width=\u00bb100%\u00bb max_width_mobile=\u00bbdefault\u00bb][\/vc_column][vc_column column_padding=\u00bbno-extra-padding\u00bb column_padding_tablet=\u00bbinherit\u00bb column_padding_phone=\u00bbinherit\u00bb column_padding_position=\u00bball\u00bb background_color_opacity=\u00bb1&#8243; background_hover_color_opacity=\u00bb1&#8243; column_shadow=\u00bbnone\u00bb column_border_radius=\u00bbnone\u00bb column_link_target=\u00bb_self\u00bb gradient_direction=\u00bbleft_to_right\u00bb overlay_strength=\u00bb0.3&#8243; width=\u00bb1\/2&#8243; tablet_width_inherit=\u00bbdefault\u00bb tablet_text_alignment=\u00bbdefault\u00bb phone_text_alignment=\u00bbdefault\u00bb column_border_width=\u00bbnone\u00bb column_border_style=\u00bbsolid\u00bb bg_image_animation=\u00bbnone\u00bb][vc_column_text]\n<h2 style=\"color: #ff536f;\">Carbon Trading<\/h2>\n[\/vc_column_text][vc_column_text]En The Carbon Sink dise\u00f1amos soluciones integrales en Carbon Trading, alineadas con tus metas clim\u00e1ticas y el marco regulatorio en el que oper\u00e1s. Creamos portfolios personalizados de cr\u00e9ditos de carbono certificados, que combinan integridad ambiental, trazabilidad y diversidad geogr\u00e1fica y metodol\u00f3gica.<\/p>\n<p>Nuestro equipo de expertos te acompa\u00f1a en cada etapa del proceso \u2014desde la estrategia de compensaci\u00f3n y la selecci\u00f3n de proyectos de alta calidad, hasta la compra, gesti\u00f3n y retiro de cr\u00e9ditos\u2014 para maximizar tu impacto clim\u00e1tico y minimizar riesgos reputacionales y financieros.<\/p>\n<p>Conectamos tu organizaci\u00f3n con proyectos verificados que generan beneficios reales para el clima, la biodiversidad y las comunidades locales, asegurando el cumplimiento de est\u00e1ndares internacionales.[\/vc_column_text][\/vc_column][\/vc_row][vc_row type=\u00bbin_container\u00bb full_screen_row_position=\u00bbmiddle\u00bb column_margin=\u00bbdefault\u00bb column_direction=\u00bbdefault\u00bb column_direction_tablet=\u00bbdefault\u00bb column_direction_phone=\u00bbdefault\u00bb scene_position=\u00bbcenter\u00bb bottom_padding=\u00bb30&#8243; text_color=\u00bbdark\u00bb text_align=\u00bbleft\u00bb row_border_radius=\u00bbnone\u00bb row_border_radius_applies=\u00bbbg\u00bb overlay_strength=\u00bb0.3&#8243; gradient_direction=\u00bbleft_to_right\u00bb shape_divider_position=\u00bbbottom\u00bb bg_image_animation=\u00bbnone\u00bb shape_type=\u00bb\u00bb][vc_column column_padding=\u00bbno-extra-padding\u00bb column_padding_tablet=\u00bbinherit\u00bb column_padding_phone=\u00bbinherit\u00bb column_padding_position=\u00bball\u00bb background_color_opacity=\u00bb1&#8243; background_hover_color_opacity=\u00bb1&#8243; column_shadow=\u00bbnone\u00bb column_border_radius=\u00bbnone\u00bb column_link_target=\u00bb_self\u00bb gradient_direction=\u00bbleft_to_right\u00bb overlay_strength=\u00bb0.3&#8243; width=\u00bb1\/2&#8243; tablet_width_inherit=\u00bbdefault\u00bb tablet_text_alignment=\u00bbdefault\u00bb phone_text_alignment=\u00bbdefault\u00bb column_border_width=\u00bbnone\u00bb column_border_style=\u00bbsolid\u00bb bg_image_animation=\u00bbnone\u00bb]<div class=\"iwithtext\"><div class=\"iwt-icon\"> <img decoding=\"async\" src=\"https:\/\/thecarbonsink.com\/ar\/wp-content\/uploads\/sites\/10\/2025\/06\/2a.webp\" alt=\"\" \/> <\/div><div class=\"iwt-text\"> <strong>CR\u00c9DITOS CERTIFICADOS<\/strong><br \/>\nAcceso a cr\u00e9ditos de carbono certificados de todo tipo. <\/div><div class=\"clear\"><\/div><\/div><div class=\"iwithtext\"><div class=\"iwt-icon\"> <img decoding=\"async\" src=\"https:\/\/thecarbonsink.com\/ar\/wp-content\/uploads\/sites\/10\/2025\/06\/2b.webp\" alt=\"\" \/> <\/div><div class=\"iwt-text\"> <strong>DISE\u00d1O DE PORTAFOLIO<\/strong><br \/>\nPortfolios curados adaptados a tus objetivos. <\/div><div class=\"clear\"><\/div><\/div><div class=\"iwithtext\"><div class=\"iwt-icon\"> <img decoding=\"async\" src=\"https:\/\/thecarbonsink.com\/ar\/wp-content\/uploads\/sites\/10\/2025\/06\/2c.webp\" alt=\"\" \/> <\/div><div class=\"iwt-text\"> <strong>ADAPTABILIDAD CONTRACTUAL<\/strong><br \/>\nOpciones spot y forward, con flexibilidad contractual. <\/div><div class=\"clear\"><\/div><\/div><div class=\"iwithtext\"><div class=\"iwt-icon\"> <img decoding=\"async\" src=\"https:\/\/thecarbonsink.com\/ar\/wp-content\/uploads\/sites\/10\/2025\/06\/2d.webp\" alt=\"\" \/> <\/div><div class=\"iwt-text\"> <strong>EVALUACI\u00d3N T\u00c9CNICA E INTEGRIDAD DE PROYECTOS<\/strong><br \/>\nAuditamos la calidad t\u00e9cnica e integridad de cada proyecto<br \/>\nde carbono antes de incorporarlo a tu portafolio. <\/div><div class=\"clear\"><\/div><\/div><div class=\"iwithtext\"><div class=\"iwt-icon\"> <img decoding=\"async\" src=\"https:\/\/thecarbonsink.com\/ar\/wp-content\/uploads\/sites\/10\/2025\/06\/2e.webp\" alt=\"\" \/> <\/div><div class=\"iwt-text\"> <strong>SOPORTE T\u00c9CNICO<\/strong><br \/>\nApoyo t\u00e9cnico y regulatorio en toda la operaci\u00f3n. <\/div><div class=\"clear\"><\/div><\/div>[\/vc_column][vc_column column_padding=\u00bbno-extra-padding\u00bb column_padding_tablet=\u00bbinherit\u00bb column_padding_phone=\u00bbinherit\u00bb column_padding_position=\u00bball\u00bb background_color_opacity=\u00bb1&#8243; background_hover_color_opacity=\u00bb1&#8243; column_shadow=\u00bbnone\u00bb column_border_radius=\u00bbnone\u00bb column_link_target=\u00bb_self\u00bb el_class=\u00bbcarbon-trading-col2&#8243; gradient_direction=\u00bbleft_to_right\u00bb overlay_strength=\u00bb0.3&#8243; width=\u00bb1\/2&#8243; tablet_width_inherit=\u00bbdefault\u00bb tablet_text_alignment=\u00bbdefault\u00bb phone_text_alignment=\u00bbdefault\u00bb column_border_width=\u00bbnone\u00bb column_border_style=\u00bbsolid\u00bb bg_image_animation=\u00bbnone\u00bb][image_with_animation image_url=\u00bb8669&#8243; animation=\u00bbFade In\u00bb hover_animation=\u00bbnone\u00bb alignment=\u00bb\u00bb border_radius=\u00bbnone\u00bb box_shadow=\u00bbnone\u00bb image_loading=\u00bbdefault\u00bb max_width=\u00bb100%\u00bb max_width_mobile=\u00bbdefault\u00bb][\/vc_column][\/vc_row][vc_row type=\u00bbin_container\u00bb full_screen_row_position=\u00bbmiddle\u00bb column_margin=\u00bbdefault\u00bb column_direction=\u00bbdefault\u00bb column_direction_tablet=\u00bbdefault\u00bb column_direction_phone=\u00bbdefault\u00bb scene_position=\u00bbcenter\u00bb text_color=\u00bbdark\u00bb text_align=\u00bbleft\u00bb row_border_radius=\u00bbnone\u00bb row_border_radius_applies=\u00bbbg\u00bb overlay_strength=\u00bb0.3&#8243; gradient_direction=\u00bbleft_to_right\u00bb shape_divider_position=\u00bbbottom\u00bb bg_image_animation=\u00bbnone\u00bb][vc_column column_padding=\u00bbno-extra-padding\u00bb column_padding_tablet=\u00bbinherit\u00bb column_padding_phone=\u00bbinherit\u00bb column_padding_position=\u00bball\u00bb background_color_opacity=\u00bb1&#8243; background_hover_color_opacity=\u00bb1&#8243; column_shadow=\u00bbnone\u00bb column_border_radius=\u00bbnone\u00bb column_link_target=\u00bb_self\u00bb gradient_direction=\u00bbleft_to_right\u00bb overlay_strength=\u00bb0.3&#8243; width=\u00bb1\/1&#8243; tablet_width_inherit=\u00bbdefault\u00bb tablet_text_alignment=\u00bbdefault\u00bb phone_text_alignment=\u00bbdefault\u00bb column_border_width=\u00bbnone\u00bb column_border_style=\u00bbsolid\u00bb bg_image_animation=\u00bbnone\u00bb][vc_column_text]<b>Geograf\u00edas:<\/b>\u00a0Am\u00e9rica Latina y del Norte, \u00c1frica y Asia.<br \/>\n<b>Tipos de proyectos:<\/b>\u00a0REDD+, ARR, IFM, biochar, pozos hu\u00e9rfanos y energ\u00edas renovables, entre otros.<br \/>\n<b>Est\u00e1ndares:<\/b>\u00a0Verra, ACR, Gold Standard, CAR y BioCarbon.[\/vc_column_text][nectar_btn size=\u00bblarge\u00bb button_style=\u00bbregular\u00bb button_color_2=\u00bbAccent-Color\u00bb icon_family=\u00bbnone\u00bb text=\u00bb\u00a1Hablemos!\u00bb url=\u00bb\/ar\/contacto\u00bb][\/vc_column][\/vc_row]\n","protected":false},"excerpt":{"rendered":"<p>[vc_row type=\u00bbin_container\u00bb full_screen_row_position=\u00bbmiddle\u00bb column_margin=\u00bbdefault\u00bb column_direction=\u00bbdefault\u00bb column_direction_tablet=\u00bbdefault\u00bb column_direction_phone=\u00bbdefault\u00bb scene_position=\u00bbcenter\u00bb bottom_padding=\u00bb80px\u00bb text_color=\u00bbdark\u00bb text_align=\u00bbleft\u00bb row_border_radius=\u00bbnone\u00bb row_border_radius_applies=\u00bbbg\u00bb overlay_strength=\u00bb0.3&#8243; gradient_direction=\u00bbleft_to_right\u00bb shape_divider_position=\u00bbbottom\u00bb bg_image_animation=\u00bbnone\u00bb shape_type=\u00bb\u00bb][vc_column column_padding=\u00bbno-extra-padding\u00bb column_padding_tablet=\u00bbinherit\u00bb column_padding_phone=\u00bbinherit\u00bb column_padding_position=\u00bball\u00bb background_color_opacity=\u00bb1&#8243; background_hover_color_opacity=\u00bb1&#8243; column_shadow=\u00bbnone\u00bb&#8230;<\/p>\n","protected":false},"author":58,"featured_media":0,"parent":0,"menu_order":0,"comment_status":"closed","ping_status":"closed","template":"","meta":{"inline_featured_image":false,"footnotes":""},"class_list":["post-8668","page","type-page","status-publish"],"yoast_head":"<!-- This site is optimized with the Yoast SEO plugin v25.3 - https:\/\/yoast.com\/wordpress\/plugins\/seo\/ -->\n<title>Carbon Trading - The Carbon Sink Argentina<\/title>\n<meta name=\"robots\" content=\"index, follow, max-snippet:-1, max-image-preview:large, max-video-preview:-1\" \/>\n<link rel=\"canonical\" href=\"https:\/\/thecarbonsink.com\/ar\/carbon-trading\/\" \/>\n<meta property=\"og:locale\" content=\"es_ES\" \/>\n<meta property=\"og:type\" content=\"article\" \/>\n<meta property=\"og:title\" content=\"Carbon Trading - The Carbon Sink Argentina\" \/>\n<meta property=\"og:description\" content=\"[vc_row type=\u00bbin_container\u00bb full_screen_row_position=\u00bbmiddle\u00bb column_margin=\u00bbdefault\u00bb column_direction=\u00bbdefault\u00bb column_direction_tablet=\u00bbdefault\u00bb column_direction_phone=\u00bbdefault\u00bb scene_position=\u00bbcenter\u00bb bottom_padding=\u00bb80px\u00bb text_color=\u00bbdark\u00bb text_align=\u00bbleft\u00bb row_border_radius=\u00bbnone\u00bb row_border_radius_applies=\u00bbbg\u00bb overlay_strength=\u00bb0.3&#8243; gradient_direction=\u00bbleft_to_right\u00bb shape_divider_position=\u00bbbottom\u00bb bg_image_animation=\u00bbnone\u00bb shape_type=\u00bb\u00bb][vc_column column_padding=\u00bbno-extra-padding\u00bb column_padding_tablet=\u00bbinherit\u00bb column_padding_phone=\u00bbinherit\u00bb column_padding_position=\u00bball\u00bb background_color_opacity=\u00bb1&#8243; background_hover_color_opacity=\u00bb1&#8243; column_shadow=\u00bbnone\u00bb...\" \/>\n<meta property=\"og:url\" content=\"https:\/\/thecarbonsink.com\/ar\/carbon-trading\/\" \/>\n<meta property=\"og:site_name\" content=\"The Carbon Sink Argentina\" \/>\n<meta property=\"article:modified_time\" content=\"2025-06-18T21:30:30+00:00\" \/>\n<meta name=\"twitter:card\" content=\"summary_large_image\" \/>\n<meta name=\"twitter:label1\" content=\"Tiempo de lectura\" \/>\n\t<meta name=\"twitter:data1\" content=\"2 minutos\" \/>\n<script type=\"application\/ld+json\" class=\"yoast-schema-graph\">{\"@context\":\"https:\/\/schema.org\",\"@graph\":[{\"@type\":\"WebPage\",\"@id\":\"https:\/\/thecarbonsink.com\/ar\/carbon-trading\/\",\"url\":\"https:\/\/thecarbonsink.com\/ar\/carbon-trading\/\",\"name\":\"Carbon Trading - The Carbon Sink Argentina\",\"isPartOf\":{\"@id\":\"https:\/\/thecarbonsink.com\/ar\/#website\"},\"datePublished\":\"2025-06-18T20:26:44+00:00\",\"dateModified\":\"2025-06-18T21:30:30+00:00\",\"breadcrumb\":{\"@id\":\"https:\/\/thecarbonsink.com\/ar\/carbon-trading\/#breadcrumb\"},\"inLanguage\":\"es\",\"potentialAction\":[{\"@type\":\"ReadAction\",\"target\":[\"https:\/\/thecarbonsink.com\/ar\/carbon-trading\/\"]}]},{\"@type\":\"BreadcrumbList\",\"@id\":\"https:\/\/thecarbonsink.com\/ar\/carbon-trading\/#breadcrumb\",\"itemListElement\":[{\"@type\":\"ListItem\",\"position\":1,\"name\":\"Portada\",\"item\":\"https:\/\/thecarbonsink.com\/ar\/\"},{\"@type\":\"ListItem\",\"position\":2,\"name\":\"Carbon Trading\"}]},{\"@type\":\"WebSite\",\"@id\":\"https:\/\/thecarbonsink.com\/ar\/#website\",\"url\":\"https:\/\/thecarbonsink.com\/ar\/\",\"name\":\"The Carbon Sink Argentina\",\"description\":\"Med\u00ed tu huella de carbono\",\"potentialAction\":[{\"@type\":\"SearchAction\",\"target\":{\"@type\":\"EntryPoint\",\"urlTemplate\":\"https:\/\/thecarbonsink.com\/ar\/?s={search_term_string}\"},\"query-input\":{\"@type\":\"PropertyValueSpecification\",\"valueRequired\":true,\"valueName\":\"search_term_string\"}}],\"inLanguage\":\"es\"}]}<\/script>\n<!-- \/ Yoast SEO plugin. -->","yoast_head_json":{"title":"Carbon Trading - The Carbon Sink Argentina","robots":{"index":"index","follow":"follow","max-snippet":"max-snippet:-1","max-image-preview":"max-image-preview:large","max-video-preview":"max-video-preview:-1"},"canonical":"https:\/\/thecarbonsink.com\/ar\/carbon-trading\/","og_locale":"es_ES","og_type":"article","og_title":"Carbon Trading - The Carbon Sink Argentina","og_description":"[vc_row type=\u00bbin_container\u00bb full_screen_row_position=\u00bbmiddle\u00bb column_margin=\u00bbdefault\u00bb column_direction=\u00bbdefault\u00bb column_direction_tablet=\u00bbdefault\u00bb column_direction_phone=\u00bbdefault\u00bb scene_position=\u00bbcenter\u00bb bottom_padding=\u00bb80px\u00bb text_color=\u00bbdark\u00bb text_align=\u00bbleft\u00bb row_border_radius=\u00bbnone\u00bb row_border_radius_applies=\u00bbbg\u00bb overlay_strength=\u00bb0.3&#8243; gradient_direction=\u00bbleft_to_right\u00bb shape_divider_position=\u00bbbottom\u00bb bg_image_animation=\u00bbnone\u00bb shape_type=\u00bb\u00bb][vc_column column_padding=\u00bbno-extra-padding\u00bb column_padding_tablet=\u00bbinherit\u00bb column_padding_phone=\u00bbinherit\u00bb column_padding_position=\u00bball\u00bb background_color_opacity=\u00bb1&#8243; background_hover_color_opacity=\u00bb1&#8243; column_shadow=\u00bbnone\u00bb...","og_url":"https:\/\/thecarbonsink.com\/ar\/carbon-trading\/","og_site_name":"The Carbon Sink Argentina","article_modified_time":"2025-06-18T21:30:30+00:00","twitter_card":"summary_large_image","twitter_misc":{"Tiempo de lectura":"2 minutos"},"schema":{"@context":"https:\/\/schema.org","@graph":[{"@type":"WebPage","@id":"https:\/\/thecarbonsink.com\/ar\/carbon-trading\/","url":"https:\/\/thecarbonsink.com\/ar\/carbon-trading\/","name":"Carbon Trading - The Carbon Sink Argentina","isPartOf":{"@id":"https:\/\/thecarbonsink.com\/ar\/#website"},"datePublished":"2025-06-18T20:26:44+00:00","dateModified":"2025-06-18T21:30:30+00:00","breadcrumb":{"@id":"https:\/\/thecarbonsink.com\/ar\/carbon-trading\/#breadcrumb"},"inLanguage":"es","potentialAction":[{"@type":"ReadAction","target":["https:\/\/thecarbonsink.com\/ar\/carbon-trading\/"]}]},{"@type":"BreadcrumbList","@id":"https:\/\/thecarbonsink.com\/ar\/carbon-trading\/#breadcrumb","itemListElement":[{"@type":"ListItem","position":1,"name":"Portada","item":"https:\/\/thecarbonsink.com\/ar\/"},{"@type":"ListItem","position":2,"name":"Carbon Trading"}]},{"@type":"WebSite","@id":"https:\/\/thecarbonsink.com\/ar\/#website","url":"https:\/\/thecarbonsink.com\/ar\/","name":"The Carbon Sink Argentina","description":"Med\u00ed tu huella de carbono","potentialAction":[{"@type":"SearchAction","target":{"@type":"EntryPoint","urlTemplate":"https:\/\/thecarbonsink.com\/ar\/?s={search_term_string}"},"query-input":{"@type":"PropertyValueSpecification","valueRequired":true,"valueName":"search_term_string"}}],"inLanguage":"es"}]}},"_links":{"self":[{"href":"https:\/\/thecarbonsink.com\/ar\/wp-json\/wp\/v2\/pages\/8668"}],"collection":[{"href":"https:\/\/thecarbonsink.com\/ar\/wp-json\/wp\/v2\/pages"}],"about":[{"href":"https:\/\/thecarbonsink.com\/ar\/wp-json\/wp\/v2\/types\/page"}],"author":[{"embeddable":true,"href":"https:\/\/thecarbonsink.com\/ar\/wp-json\/wp\/v2\/users\/58"}],"replies":[{"embeddable":true,"href":"https:\/\/thecarbonsink.com\/ar\/wp-json\/wp\/v2\/comments?post=8668"}],"version-history":[{"count":12,"href":"https:\/\/thecarbonsink.com\/ar\/wp-json\/wp\/v2\/pages\/8668\/revisions"}],"predecessor-version":[{"id":8693,"href":"https:\/\/thecarbonsink.com\/ar\/wp-json\/wp\/v2\/pages\/8668\/revisions\/8693"}],"wp:attachment":[{"href":"https:\/\/thecarbonsink.com\/ar\/wp-json\/wp\/v2\/media?parent=8668"}],"curies":[{"name":"wp","href":"https:\/\/api.w.org\/{rel}","templated":true}]}}