{"id":6105,"date":"2020-11-11T19:05:03","date_gmt":"2020-11-11T22:05:03","guid":{"rendered":"http:\/\/thecarbonsink.com\/ar\/?page_id=6105"},"modified":"2021-03-03T12:08:33","modified_gmt":"2021-03-03T15:08:33","slug":"politicas-de-privacidad","status":"publish","type":"page","link":"https:\/\/thecarbonsink.com\/ar\/politicas-de-privacidad\/","title":{"rendered":"Pol\u00edticas de privacidad"},"content":{"rendered":"<p style=\"text-align: center;\">The Carbon Sink<br \/>\nPol\u00edtica de Privacidad de Datos.<\/p>\n<p style=\"text-align: right;\">Versi\u00f3n vigente 01\/02\/2021<\/p>\n<p>Esta pol\u00edtica de privacidad revela las pr\u00e1cticas de privacidad de <a href=\"http:\/\/thecarbonsink.com\/ar\">www.thecarbonsink.com\/ar<\/a>. Esta pol\u00edtica de privacidad se aplica \u00fanicamente a la informaci\u00f3n recopilada por este sitio web. Le notificar\u00e1 lo siguiente:<\/p>\n<p>Tenga en claro que, al utilizar el Sitio o los Servicios, dentro de los sitios <span style=\"text-decoration: underline;\">www.thecarbonsink.com\/ar<\/span> y <span style=\"text-decoration: underline;\">www.thecarbonsink.com\/ar.ar<\/span> (en adelante el \u00absitio\u00bb) acepta regirse por nuestra Pol\u00edtica de privacidad publicada en el Sitio, que se incorpora a estos T\u00e9rminos de uso.<\/p>\n<p>Si accede al Sitio o los Servicios desde cualquier otra regi\u00f3n del mundo con leyes o sujeto a otros requisitos que rigen la recopilaci\u00f3n, el uso o la divulgaci\u00f3n de datos personales, entonces a trav\u00e9s de su uso continuo del Sitio, est\u00e1 transfiriendo sus datos al pa\u00eds donde est\u00e1n alojados esos datos, y acepta que sus datos se transfieran y procesen en dicho pa\u00eds.<\/p>\n<p>Conservaremos ciertos datos que transmita al Sitio con el fin de administrar el desempe\u00f1o de los Servicios, as\u00ed como los datos relacionados con su uso de los Servicios, y trataremos dichos datos de acuerdo con nuestra Pol\u00edtica de Privacidad.<\/p>\n<p>Aunque realizamos copias de seguridad de los datos de forma peri\u00f3dica, usted es el \u00fanico responsable de todos los datos que transmita o que se relacionen con cualquier actividad que haya realizado utilizando los Servicios. Usted acepta que no seremos responsables ante usted por cualquier p\u00e9rdida o corrupci\u00f3n de dichos datos y, por la presente, renuncia a cualquier derecho de acci\u00f3n contra nosotros que surja de dicha p\u00e9rdida o corrupci\u00f3n de dichos datos.<\/p>\n<p>Sepa adem\u00e1s que:<\/p>\n<p>1. Qu\u00e9 informaci\u00f3n de identificaci\u00f3n personal se recopila de usted a trav\u00e9s del sitio web, c\u00f3mo se usa y con qui\u00e9n se puede compartir.<br \/>\n2. Qu\u00e9 opciones tiene a su disposici\u00f3n con respecto al uso de sus datos.<br \/>\n3. Los procedimientos de seguridad establecidos para proteger el uso indebido de su informaci\u00f3n.<br \/>\n4. C\u00f3mo puede corregir cualquier inexactitud en la informaci\u00f3n.<br \/>\nRecopilaci\u00f3n, uso e intercambio de informaci\u00f3n<br \/>\nSomos los \u00fanicos propietarios de la informaci\u00f3n recopilada en este sitio. Solo tenemos acceso a \/ recopilamos informaci\u00f3n que usted nos proporciona voluntariamente por correo electr\u00f3nico u otro contacto directo de su parte.<br \/>\n<strong>5. No venderemos ni alquilaremos esta informaci\u00f3n a nadie.<\/strong><br \/>\n6. Usaremos su informaci\u00f3n para responderle, con respecto a la raz\u00f3n por la que se comunic\u00f3 con nosotros. No compartiremos su informaci\u00f3n con ning\u00fan tercero fuera de nuestra organizaci\u00f3n, excepto cuando sea necesario para cumplir con su solicitud, p. Ej. para enviar un pedido.<br \/>\nA menos que nos pida que no lo hagamos, es posible que nos comuniquemos con usted por correo electr\u00f3nico en el futuro para informarle sobre ofertas especiales, nuevos productos o servicios, o cambios en esta pol\u00edtica de privacidad.<br \/>\nSu acceso y control sobre la informaci\u00f3n<br \/>\nPuede optar por no recibir nuestros contactos futuros en cualquier momento. Puede hacer lo siguiente en cualquier momento poni\u00e9ndose en contacto con nosotros a trav\u00e9s de la direcci\u00f3n de correo electr\u00f3nico o el n\u00famero de tel\u00e9fono que figura en nuestro sitio web:<br \/>\n<strong>\u2022<\/strong> Vea qu\u00e9 datos tenemos sobre usted, si los hay.<br \/>\n<strong>\u2022<\/strong> Cambiar \/ corregir cualquier dato que tengamos sobre usted.<br \/>\n<strong>\u2022<\/strong> Haga que eliminemos cualquier dato que tengamos sobre usted.<br \/>\n<strong>\u2022<\/strong> Expresar cualquier inquietud que tenga sobre el uso que hacemos de sus datos.<br \/>\nSeguridad<br \/>\nTomamos precauciones para proteger su informaci\u00f3n. Cuando env\u00eda informaci\u00f3n confidencial a trav\u00e9s del sitio web, su informaci\u00f3n est\u00e1 protegida tanto en l\u00ednea como fuera de l\u00ednea.<br \/>\nSiempre que recopilamos informaci\u00f3n confidencial (como datos de tarjetas de cr\u00e9dito), esa informaci\u00f3n se cifra y se nos transmite de forma segura. Puede verificar esto buscando un icono de candado en la barra de direcciones y buscando \u00abhttps\u00bb al comienzo de la direcci\u00f3n de la p\u00e1gina web.<br \/>\nSi bien utilizamos el cifrado para proteger la informaci\u00f3n confidencial transmitida en l\u00ednea, tambi\u00e9n protegemos su informaci\u00f3n fuera de l\u00ednea. Solo los empleados que necesitan la informaci\u00f3n para realizar un trabajo espec\u00edfico (por ejemplo, facturaci\u00f3n o servicio al cliente) tienen acceso a informaci\u00f3n de identificaci\u00f3n personal. Las computadoras \/ servidores en los que almacenamos informaci\u00f3n de identificaci\u00f3n personal se mantienen en un entorno seguro.<\/p>\n<p>Registro. Para utilizar este sitio web, el usuario NO debe completar el formulario de registro. S\u00f3lo deber\u00e1 hacerlo en caso de compra de certificados de Carbono. Durante el registro, el usuario debe proporcionar una direcci\u00f3n de correo electr\u00f3nico, seguida del pa\u00eds de residencia. Esta informaci\u00f3n se utiliza para contactarlo acerca de los productos \/ servicios en nuestro sitio y para estimar con mayor precisi\u00f3n su huella de carbono. Al registrarse para una suscripci\u00f3n u otro servicio pago en el sitio, se le solicita al usuario informaci\u00f3n adicional, como nombre y apellido. Esta informaci\u00f3n se utiliza para personalizar y mejorar su experiencia.<\/p>\n<p>Galletas. (Cookies) En este sitio web usamos cookies. Una cookie es un dato almacenado en el disco duro de un visitante del sitio para ayudarnos a mejorar su acceso a nuestro sitio e identificar a los visitantes habituales. Por ejemplo, cuando usamos una cookie para identificarlo, no tendr\u00eda que ingresar una contrase\u00f1a m\u00e1s de una vez, lo que le permitir\u00e1 ahorrar tiempo en nuestro sitio. Las cookies tambi\u00e9n pueden permitirnos rastrear y apuntar a los intereses de nuestros usuarios para mejorar la experiencia en nuestro sitio. El uso de una cookie no est\u00e1 vinculado de ninguna manera a ninguna informaci\u00f3n de identificaci\u00f3n personal en nuestro sitio.<br \/>\nIntercambio<\/p>\n<p>Usamos <span style=\"color: #ff0000;\"><strong>Mercado Pago<\/strong><\/span> , una empresa de procesamiento de tarjetas de cr\u00e9dito, para facturar a los usuarios por bienes y servicios. Tambi\u00e9n usamos <span style=\"color: #ff0000;\">Segment<\/span>, un agregador de an\u00e1lisis, para registrar acciones y encontrar errores en nuestro software. Estas empresas no retienen, comparten, almacenan ni utilizan informaci\u00f3n de identificaci\u00f3n personal para ning\u00fan prop\u00f3sito secundario m\u00e1s all\u00e1 de cumplir con las \u00f3rdenes de pago (Stripe) y registrar las acciones del producto (Segmento).<\/p>\n<p>Finalmente tenga en cuenta que la empresa se encuentra en proceso de registraci\u00f3n del Registro de Responsable de <span style=\"color: #ff0000;\"><strong>Bases de Datos de la Rep\u00fablica Argentina.<\/strong><\/span><\/p>\n","protected":false},"excerpt":{"rendered":"<p>The Carbon Sink Pol\u00edtica de Privacidad de Datos. Versi\u00f3n vigente 01\/02\/2021 Esta pol\u00edtica de privacidad revela las pr\u00e1cticas de privacidad de www.thecarbonsink.com\/ar. Esta pol\u00edtica de&#8230;<\/p>\n","protected":false},"author":3,"featured_media":0,"parent":0,"menu_order":0,"comment_status":"closed","ping_status":"closed","template":"","meta":{"inline_featured_image":false,"footnotes":""},"class_list":["post-6105","page","type-page","status-publish"],"yoast_head":"<!-- This site is optimized with the Yoast SEO plugin v25.3 - https:\/\/yoast.com\/wordpress\/plugins\/seo\/ -->\n<title>Pol\u00edticas de privacidad - The Carbon Sink Argentina<\/title>\n<meta name=\"robots\" content=\"index, follow, max-snippet:-1, max-image-preview:large, max-video-preview:-1\" \/>\n<link rel=\"canonical\" href=\"https:\/\/thecarbonsink.com\/ar\/politicas-de-privacidad\/\" \/>\n<meta property=\"og:locale\" content=\"es_ES\" \/>\n<meta property=\"og:type\" content=\"article\" \/>\n<meta property=\"og:title\" content=\"Pol\u00edticas de privacidad - The Carbon Sink Argentina\" \/>\n<meta property=\"og:description\" content=\"The Carbon Sink Pol\u00edtica de Privacidad de Datos. Versi\u00f3n vigente 01\/02\/2021 Esta pol\u00edtica de privacidad revela las pr\u00e1cticas de privacidad de www.thecarbonsink.com\/ar. Esta pol\u00edtica de...\" \/>\n<meta property=\"og:url\" content=\"https:\/\/thecarbonsink.com\/ar\/politicas-de-privacidad\/\" \/>\n<meta property=\"og:site_name\" content=\"The Carbon Sink Argentina\" \/>\n<meta property=\"article:modified_time\" content=\"2021-03-03T15:08:33+00:00\" \/>\n<meta name=\"twitter:card\" content=\"summary_large_image\" \/>\n<meta name=\"twitter:label1\" content=\"Tiempo de lectura\" \/>\n\t<meta name=\"twitter:data1\" content=\"5 minutos\" \/>\n<script type=\"application\/ld+json\" class=\"yoast-schema-graph\">{\"@context\":\"https:\/\/schema.org\",\"@graph\":[{\"@type\":\"WebPage\",\"@id\":\"https:\/\/thecarbonsink.com\/ar\/politicas-de-privacidad\/\",\"url\":\"https:\/\/thecarbonsink.com\/ar\/politicas-de-privacidad\/\",\"name\":\"Pol\u00edticas de privacidad - The Carbon Sink Argentina\",\"isPartOf\":{\"@id\":\"https:\/\/thecarbonsink.com\/ar\/#website\"},\"datePublished\":\"2020-11-11T22:05:03+00:00\",\"dateModified\":\"2021-03-03T15:08:33+00:00\",\"breadcrumb\":{\"@id\":\"https:\/\/thecarbonsink.com\/ar\/politicas-de-privacidad\/#breadcrumb\"},\"inLanguage\":\"es\",\"potentialAction\":[{\"@type\":\"ReadAction\",\"target\":[\"https:\/\/thecarbonsink.com\/ar\/politicas-de-privacidad\/\"]}]},{\"@type\":\"BreadcrumbList\",\"@id\":\"https:\/\/thecarbonsink.com\/ar\/politicas-de-privacidad\/#breadcrumb\",\"itemListElement\":[{\"@type\":\"ListItem\",\"position\":1,\"name\":\"Portada\",\"item\":\"https:\/\/thecarbonsink.com\/ar\/\"},{\"@type\":\"ListItem\",\"position\":2,\"name\":\"Pol\u00edticas de privacidad\"}]},{\"@type\":\"WebSite\",\"@id\":\"https:\/\/thecarbonsink.com\/ar\/#website\",\"url\":\"https:\/\/thecarbonsink.com\/ar\/\",\"name\":\"The Carbon Sink Argentina\",\"description\":\"Med\u00ed tu huella de carbono\",\"potentialAction\":[{\"@type\":\"SearchAction\",\"target\":{\"@type\":\"EntryPoint\",\"urlTemplate\":\"https:\/\/thecarbonsink.com\/ar\/?s={search_term_string}\"},\"query-input\":{\"@type\":\"PropertyValueSpecification\",\"valueRequired\":true,\"valueName\":\"search_term_string\"}}],\"inLanguage\":\"es\"}]}<\/script>\n<!-- \/ Yoast SEO plugin. -->","yoast_head_json":{"title":"Pol\u00edticas de privacidad - The Carbon Sink Argentina","robots":{"index":"index","follow":"follow","max-snippet":"max-snippet:-1","max-image-preview":"max-image-preview:large","max-video-preview":"max-video-preview:-1"},"canonical":"https:\/\/thecarbonsink.com\/ar\/politicas-de-privacidad\/","og_locale":"es_ES","og_type":"article","og_title":"Pol\u00edticas de privacidad - The Carbon Sink Argentina","og_description":"The Carbon Sink Pol\u00edtica de Privacidad de Datos. Versi\u00f3n vigente 01\/02\/2021 Esta pol\u00edtica de privacidad revela las pr\u00e1cticas de privacidad de www.thecarbonsink.com\/ar. Esta pol\u00edtica de...","og_url":"https:\/\/thecarbonsink.com\/ar\/politicas-de-privacidad\/","og_site_name":"The Carbon Sink Argentina","article_modified_time":"2021-03-03T15:08:33+00:00","twitter_card":"summary_large_image","twitter_misc":{"Tiempo de lectura":"5 minutos"},"schema":{"@context":"https:\/\/schema.org","@graph":[{"@type":"WebPage","@id":"https:\/\/thecarbonsink.com\/ar\/politicas-de-privacidad\/","url":"https:\/\/thecarbonsink.com\/ar\/politicas-de-privacidad\/","name":"Pol\u00edticas de privacidad - The Carbon Sink Argentina","isPartOf":{"@id":"https:\/\/thecarbonsink.com\/ar\/#website"},"datePublished":"2020-11-11T22:05:03+00:00","dateModified":"2021-03-03T15:08:33+00:00","breadcrumb":{"@id":"https:\/\/thecarbonsink.com\/ar\/politicas-de-privacidad\/#breadcrumb"},"inLanguage":"es","potentialAction":[{"@type":"ReadAction","target":["https:\/\/thecarbonsink.com\/ar\/politicas-de-privacidad\/"]}]},{"@type":"BreadcrumbList","@id":"https:\/\/thecarbonsink.com\/ar\/politicas-de-privacidad\/#breadcrumb","itemListElement":[{"@type":"ListItem","position":1,"name":"Portada","item":"https:\/\/thecarbonsink.com\/ar\/"},{"@type":"ListItem","position":2,"name":"Pol\u00edticas de privacidad"}]},{"@type":"WebSite","@id":"https:\/\/thecarbonsink.com\/ar\/#website","url":"https:\/\/thecarbonsink.com\/ar\/","name":"The Carbon Sink Argentina","description":"Med\u00ed tu huella de carbono","potentialAction":[{"@type":"SearchAction","target":{"@type":"EntryPoint","urlTemplate":"https:\/\/thecarbonsink.com\/ar\/?s={search_term_string}"},"query-input":{"@type":"PropertyValueSpecification","valueRequired":true,"valueName":"search_term_string"}}],"inLanguage":"es"}]}},"_links":{"self":[{"href":"https:\/\/thecarbonsink.com\/ar\/wp-json\/wp\/v2\/pages\/6105"}],"collection":[{"href":"https:\/\/thecarbonsink.com\/ar\/wp-json\/wp\/v2\/pages"}],"about":[{"href":"https:\/\/thecarbonsink.com\/ar\/wp-json\/wp\/v2\/types\/page"}],"author":[{"embeddable":true,"href":"https:\/\/thecarbonsink.com\/ar\/wp-json\/wp\/v2\/users\/3"}],"replies":[{"embeddable":true,"href":"https:\/\/thecarbonsink.com\/ar\/wp-json\/wp\/v2\/comments?post=6105"}],"version-history":[{"count":0,"href":"https:\/\/thecarbonsink.com\/ar\/wp-json\/wp\/v2\/pages\/6105\/revisions"}],"wp:attachment":[{"href":"https:\/\/thecarbonsink.com\/ar\/wp-json\/wp\/v2\/media?parent=6105"}],"curies":[{"name":"wp","href":"https:\/\/api.w.org\/{rel}","templated":true}]}}