{"id":6025,"date":"2020-11-08T13:34:05","date_gmt":"2020-11-08T16:34:05","guid":{"rendered":"http:\/\/thecarbonsink.com\/ar\/?page_id=6025"},"modified":"2021-06-11T15:39:37","modified_gmt":"2021-06-11T18:39:37","slug":"faqs","status":"publish","type":"page","link":"https:\/\/thecarbonsink.com\/ar\/faqs\/","title":{"rendered":"Preguntas frecuentes"},"content":{"rendered":"[vc_row type=\u00bbin_container\u00bb full_screen_row_position=\u00bbmiddle\u00bb column_margin=\u00bbdefault\u00bb column_direction=\u00bbdefault\u00bb column_direction_tablet=\u00bbdefault\u00bb column_direction_phone=\u00bbdefault\u00bb scene_position=\u00bbcenter\u00bb top_padding=\u00bb40px\u00bb bottom_padding=\u00bb100px\u00bb text_color=\u00bbdark\u00bb text_align=\u00bbleft\u00bb row_border_radius=\u00bbnone\u00bb row_border_radius_applies=\u00bbbg\u00bb overlay_strength=\u00bb0.3&#8243; gradient_direction=\u00bbleft_to_right\u00bb shape_divider_position=\u00bbbottom\u00bb bg_image_animation=\u00bbnone\u00bb shape_type=\u00bb\u00bb][vc_column column_padding=\u00bbno-extra-padding\u00bb column_padding_tablet=\u00bbinherit\u00bb column_padding_phone=\u00bbinherit\u00bb column_padding_position=\u00bball\u00bb background_color_opacity=\u00bb1&#8243; background_hover_color_opacity=\u00bb1&#8243; column_shadow=\u00bbnone\u00bb column_border_radius=\u00bbnone\u00bb column_link_target=\u00bb_self\u00bb gradient_direction=\u00bbleft_to_right\u00bb overlay_strength=\u00bb0.3&#8243; width=\u00bb1\/6&#8243; tablet_width_inherit=\u00bbdefault\u00bb tablet_text_alignment=\u00bbdefault\u00bb phone_text_alignment=\u00bbdefault\u00bb column_border_width=\u00bbnone\u00bb column_border_style=\u00bbsolid\u00bb bg_image_animation=\u00bbnone\u00bb][\/vc_column][vc_column column_padding=\u00bbno-extra-padding\u00bb column_padding_tablet=\u00bbinherit\u00bb column_padding_phone=\u00bbinherit\u00bb column_padding_position=\u00bball\u00bb background_color_opacity=\u00bb1&#8243; background_hover_color_opacity=\u00bb1&#8243; column_shadow=\u00bbnone\u00bb column_border_radius=\u00bbnone\u00bb column_link_target=\u00bb_self\u00bb gradient_direction=\u00bbleft_to_right\u00bb overlay_strength=\u00bb0.3&#8243; width=\u00bb2\/3&#8243; tablet_width_inherit=\u00bbdefault\u00bb tablet_text_alignment=\u00bbdefault\u00bb phone_text_alignment=\u00bbdefault\u00bb column_border_width=\u00bbnone\u00bb column_border_style=\u00bbsolid\u00bb bg_image_animation=\u00bbnone\u00bb][toggles style=\u00bbminimal\u00bb accordion=\u00bbtrue\u00bb][toggle color=\u00bbDefault\u00bb title=\u00bb\u00bfQu\u00e9 es The Carbon Sink?\u00bb][vc_column_text]The Carbon Sink es una plataforma dedicada a ayudar a empresas, eventos e individuos a medir y compensar sus emisiones de carbono. Representamos proyectos de carbono variados y de alta calidad, y los conectamos con personas u organizaciones que deseen compensar emisiones.<br \/>\nNuestra misi\u00f3n es acompa\u00f1arlos en su camino hacia la neutralidad de carbono.[\/vc_column_text][\/toggle][toggle color=\u00bbDefault\u00bb title=\u00bb\u00bfQu\u00e9 es una compensaci\u00f3n de carbono?\u00bb][vc_column_text]Una compensaci\u00f3n de carbono es una reducci\u00f3n en las emisiones de gases de efecto invernadero (GEI), siendo el di\u00f3xido de carbono (CO2) el m\u00e1s importante. Estas se generan por proyectos y se usan para compensar una emisi\u00f3n efectuada en otro lugar por alguna organizaci\u00f3n, evento o individuo.[\/vc_column_text][\/toggle][toggle color=\u00bbDefault\u00bb title=\u00bb\u00bfCu\u00e1l es la diferencia entre una compensaci\u00f3n de carbono y un cr\u00e9dito o bono de carbono?\u00bb][vc_column_text]\u201cCompensaci\u00f3n de carbono\u201d y \u201ccr\u00e9dito de carbono\u201d son t\u00e9rminos que generalmente se usan indistintamente. El \u00abcr\u00e9dito de carbono\u00bb se usa m\u00e1s a menudo en referencia a una unidad de medida financiera que representa la eliminaci\u00f3n de una tonelada de CO2 equivalente de la atm\u00f3sfera. &#8216;CO2 equivalente&#8217; es la unidad de referencia de todo los GEI.<\/p>\n<p>\u201cCompensaci\u00f3n de carbono\u201d se utiliza m\u00e1s frecuentemente para referirse a una acci\u00f3n. Las compensaciones de carbono o los cr\u00e9ditos de carbono tienen la misma funci\u00f3n para compensar las emisiones que se producen en otros lugares (a trav\u00e9s de la reducci\u00f3n o el secuestro de CO2).[\/vc_column_text][\/toggle][toggle color=\u00bbDefault\u00bb title=\u00bb\u00bfQu\u00e9 significa \u00abadicional\u00ab?\u00bb][vc_column_text]El concepto de \u00abadicionalidad\u00bb es realmente importante para nosotros. La adicionalidad significa que las reducciones de las emisiones logradas por el proyecto no habr\u00edan sucedido si el proyecto no se hubiera implementado. Tambi\u00e9n significa que el proyecto no ser\u00eda econ\u00f3micamente viable sin los ingresos adicionales de los bonos de carbono.<\/p>\n<p>El proyecto no recibe cr\u00e9ditos de carbono por el simple hecho de ejecutar un negocio \u00abecol\u00f3gico\u00bb; solo los cr\u00e9ditos de carbono de proyectos que son \u00abadicionales\u00bb al escenario habitual representan un beneficio ambiental neto.[\/vc_column_text][\/toggle][toggle color=\u00bbDefault\u00bb title=\u00bb\u00bfCu\u00e1l es la diferencia entre el mercado de carbono regulado y el mercado de carbono voluntario?\u00bb][vc_column_text]El mercado de cumplimiento obligatorio est\u00e1 impulsado por leyes nacionales, regionales o internacionales que establecen que las empresas y los gobiernos deben contabilizar y compensar sus emisiones de gases de efecto invernadero.<\/p>\n<p>El mercado voluntario busca la compensaci\u00f3n voluntaria de emisiones por parte de una empresa o un individuo.<\/p>\n<p><strong>The Carbon Sink<\/strong> puede ofrecer cr\u00e9ditos de carbono a utilizar como compensaci\u00f3n voluntaria u obligatoria.[\/vc_column_text][\/toggle][toggle color=\u00bbDefault\u00bb title=\u00bb\u00bfCu\u00e1les son los tipos de proyectos de reducci\u00f3n de emisiones?\u00bb][vc_column_text]Los proyectos reducen emisiones de GEI en la atm\u00f3sfera de tres formas. La primera, evita las emisiones, por ejemplo, reemplazando la energ\u00eda derivada de combustibles f\u00f3siles por energ\u00eda de fuentes renovables. La segunda, captura las emisiones de CO2 (principal GEI), por ejemplo, plantando \u00e1rboles, los cuales capturan carbono en sus ramas, troncos y el suelo. Y la tercera, secuestra y destruye las emisiones, por ejemplo, capturando gas metano de las aguas residuales.[\/vc_column_text][\/toggle][toggle color=\u00bbDefault\u00bb title=\u00bb\u00bfEs importante el lugar del mundo donde el proyecto est\u00e9 ubicado?\u00bb][vc_column_text]La atm\u00f3sfera no tiene fronteras. Los niveles de CO<sub>2<\/sub> son un problema internacional que requiere una soluci\u00f3n internacional, por lo cual no importa d\u00f3nde se encuentre el proyecto utilizado para compensar emisiones.<\/p>\n<p>Adem\u00e1s de la mitigaci\u00f3n del cambio clim\u00e1tico, los proyectos generan impactos locales y co-beneficios sociales, econ\u00f3micos y ambientales. <strong>The Carbon Sink<\/strong> promueve solo proyectos de Latinoam\u00e9rica.<\/p>\n<p>Todos nuestros proyectos tienen un alto impacto sobre los Objetivos del Desarrollo Sostenible.[\/vc_column_text][\/toggle][toggle color=\u00bbDefault\u00bb title=\u00bb\u00bfQu\u00e9 diferencia hay entre los proyectos forestales de participaci\u00f3n directa y los proyectos certificados?\u00bb][vc_column_text]Los proyectos certificados son aquellos que han pasado por procesos formales de certificaci\u00f3n, donde las capturas de carbono ya han sido verificadas y validadas por organismos independientes.<\/p>\n<p>Los proyectos forestales de participaci\u00f3n directa son proyectos en ejecuci\u00f3n que necesitan del financiamiento clim\u00e1tico para poder llevar a cabo acciones de mitigaci\u00f3n. Son proyectos de peque\u00f1a escala con un alto impacto local. Siguen los lineamientos de los est\u00e1ndares internacionales de monitoreo y medici\u00f3n de carbono forestal definiendo una l\u00ednea de base y la adicionalidad, y demostrando el impacto local real en la generaci\u00f3n de empleo, conservaci\u00f3n de biodiversidad, protecci\u00f3n de cuencas, calidad del agua y el aire entre otros.<\/p>\n<p>A diferencia de los proyectos certificados, en donde el cr\u00e9dito de carbono se compra luego de haber sido emitido en el pasado, los proyectos de participaci\u00f3n directa permiten un involucramiento del inversor en las acciones del proyecto, financiando directamente las reducciones de emisiones o capturas de carbono.[\/vc_column_text][\/toggle][toggle color=\u00bbDefault\u00bb title=\u00bb\u00bfQu\u00e9 es una Reducci\u00f3n de Emisiones Monitoreadas (REM)?\u00bb][vc_column_text]La REM es una unidad de reducci\u00f3n de emisiones emitida por los proyectos de participaci\u00f3n directa, en donde no se sigue un proceso de certificaci\u00f3n formal. Cada REM es lograda a trav\u00e9s de la aplicaci\u00f3n de mediciones a campo del almacenamiento de carbono en bosques contrastadas con una l\u00ednea de base definida mediante estudios especializados, demostrando el impacto real del proyecto.<\/p>\n<p>Una REM es equivalente a una tonelada de CO2<sub>2 <\/sub>que:<\/p>\n<ul>\n<li>Deja de emitirse a la atmosfera por acciones que evitan la degradaci\u00f3n y desforestaci\u00f3n de bosque nativo y\/o<\/li>\n<li>Se fija como consecuencia del crecimiento y mejora del bosque o de plantaciones ejecutadas con el Proyecto.<\/li>\n<\/ul>\n<p>El comprador, podr\u00e1 reclamar el logro de una reducci\u00f3n o captura de emisiones de CO<sub>2<\/sub> en una cantidad de una (1) tonelada m\u00e9trica que ha sido verificado por el monitoreo anual de biomasa forestal que se realiza en el proyecto de acuerdo con los est\u00e1ndares internacionales de fijaci\u00f3n de carbono forestal.[\/vc_column_text][\/toggle][toggle color=\u00bbDefault\u00bb title=\u00bb\u00bfEstas compensaciones son verificadas por un tercero?\u00bb][vc_column_text]The Carbon Sink ofrece dos formas de compensar.<\/p>\n<p>Los cr\u00e9ditos certificados provienen de proyectos de carbono que han sido certificados por uno de los principales est\u00e1ndares internacionales de cr\u00e9ditos de carbono, como VCS &amp; CCB (Verra) The Gold Standard, o Climate Action Reserve.<\/p>\n<p>Las REM son unidades de compensaci\u00f3n que no han pasado por un proceso de certificaci\u00f3n formal. Para garantizar que efectivamente las acciones de mitigaci\u00f3n sean implementadas, <strong>The Carbon Sink<\/strong> hace un seguimiento de cada proyecto y vela por la transparencia de los resultados. Toda la informaci\u00f3n de cada proyecto esta disponible en el website.<\/p>\n<p>Si bien la verificaci\u00f3n o certificaci\u00f3n es \u00fatil para garantizar el impacto y evitar el doble conteo de compensaciones de carbono, el costo de verificar inviabilizar\u00eda los proyectos peque\u00f1os. Para controlar que no se produce ninguna deforestaci\u00f3n en el \u00e1rea del proyecto y que existe una efectiva recuperaci\u00f3n de \u00e1reas degradadas <strong>The Carbon Sink<\/strong> usa la herramienta de control por im\u00e1genes satelitales provista por <a href=\"https:\/\/www.globalforestwatch.org\/\">Global Forest Watch<\/a> (https:\/\/www.globalforestwatch.org\/).[\/vc_column_text][\/toggle][toggle color=\u00bbDefault\u00bb title=\u00bb\u00bfQu\u00e9 obtengo cuando compro en TCS?\u00bb][vc_column_text]Cuando se realiza una compra, nosotros retiramos ese cr\u00e9dito para que se asigne permanentemente a vos o a tu organizaci\u00f3n. Un representante de TCS se pondr\u00e1 en contacto en aproximadamente una semana con la confirmaci\u00f3n de retiro del cr\u00e9dito y el certificado de compensaci\u00f3n.[\/vc_column_text][\/toggle][toggle color=\u00bbDefault\u00bb title=\u00bb\u00bfPuedo comprar cr\u00e9ditos de carbono en nombre de mi organizaci\u00f3n?\u00bb][vc_column_text]S\u00ed. Complet\u00e1 los datos de tu organizaci\u00f3n al momento del checkout al finalizar la compra.[\/vc_column_text][\/toggle][\/toggles][\/vc_column][vc_column column_padding=\u00bbno-extra-padding\u00bb column_padding_tablet=\u00bbinherit\u00bb column_padding_phone=\u00bbinherit\u00bb column_padding_position=\u00bball\u00bb background_color_opacity=\u00bb1&#8243; background_hover_color_opacity=\u00bb1&#8243; column_shadow=\u00bbnone\u00bb column_border_radius=\u00bbnone\u00bb column_link_target=\u00bb_self\u00bb gradient_direction=\u00bbleft_to_right\u00bb overlay_strength=\u00bb0.3&#8243; width=\u00bb1\/6&#8243; tablet_width_inherit=\u00bbdefault\u00bb tablet_text_alignment=\u00bbdefault\u00bb phone_text_alignment=\u00bbdefault\u00bb column_border_width=\u00bbnone\u00bb column_border_style=\u00bbsolid\u00bb bg_image_animation=\u00bbnone\u00bb][\/vc_column][\/vc_row]\n","protected":false},"excerpt":{"rendered":"<p>[vc_row type=\u00bbin_container\u00bb full_screen_row_position=\u00bbmiddle\u00bb column_margin=\u00bbdefault\u00bb column_direction=\u00bbdefault\u00bb column_direction_tablet=\u00bbdefault\u00bb column_direction_phone=\u00bbdefault\u00bb scene_position=\u00bbcenter\u00bb top_padding=\u00bb40px\u00bb bottom_padding=\u00bb100px\u00bb text_color=\u00bbdark\u00bb text_align=\u00bbleft\u00bb row_border_radius=\u00bbnone\u00bb row_border_radius_applies=\u00bbbg\u00bb overlay_strength=\u00bb0.3&#8243; gradient_direction=\u00bbleft_to_right\u00bb shape_divider_position=\u00bbbottom\u00bb bg_image_animation=\u00bbnone\u00bb shape_type=\u00bb\u00bb][vc_column column_padding=\u00bbno-extra-padding\u00bb column_padding_tablet=\u00bbinherit\u00bb column_padding_phone=\u00bbinherit\u00bb column_padding_position=\u00bball\u00bb background_color_opacity=\u00bb1&#8243; background_hover_color_opacity=\u00bb1&#8243;&#8230;<\/p>\n","protected":false},"author":3,"featured_media":0,"parent":0,"menu_order":0,"comment_status":"closed","ping_status":"closed","template":"","meta":{"inline_featured_image":false,"footnotes":""},"class_list":["post-6025","page","type-page","status-publish"],"yoast_head":"<!-- This site is optimized with the Yoast SEO plugin v25.3 - https:\/\/yoast.com\/wordpress\/plugins\/seo\/ -->\n<title>Preguntas frecuentes - The Carbon Sink Argentina<\/title>\n<meta name=\"robots\" content=\"index, follow, max-snippet:-1, max-image-preview:large, max-video-preview:-1\" \/>\n<link rel=\"canonical\" href=\"https:\/\/thecarbonsink.com\/ar\/faqs\/\" \/>\n<meta property=\"og:locale\" content=\"es_ES\" \/>\n<meta property=\"og:type\" content=\"article\" \/>\n<meta property=\"og:title\" content=\"Preguntas frecuentes - The Carbon Sink Argentina\" \/>\n<meta property=\"og:description\" content=\"[vc_row type=\u00bbin_container\u00bb full_screen_row_position=\u00bbmiddle\u00bb column_margin=\u00bbdefault\u00bb column_direction=\u00bbdefault\u00bb column_direction_tablet=\u00bbdefault\u00bb column_direction_phone=\u00bbdefault\u00bb scene_position=\u00bbcenter\u00bb top_padding=\u00bb40px\u00bb bottom_padding=\u00bb100px\u00bb text_color=\u00bbdark\u00bb text_align=\u00bbleft\u00bb row_border_radius=\u00bbnone\u00bb row_border_radius_applies=\u00bbbg\u00bb overlay_strength=\u00bb0.3&#8243; gradient_direction=\u00bbleft_to_right\u00bb shape_divider_position=\u00bbbottom\u00bb bg_image_animation=\u00bbnone\u00bb shape_type=\u00bb\u00bb][vc_column column_padding=\u00bbno-extra-padding\u00bb column_padding_tablet=\u00bbinherit\u00bb column_padding_phone=\u00bbinherit\u00bb column_padding_position=\u00bball\u00bb background_color_opacity=\u00bb1&#8243; background_hover_color_opacity=\u00bb1&#8243;...\" \/>\n<meta property=\"og:url\" content=\"https:\/\/thecarbonsink.com\/ar\/faqs\/\" \/>\n<meta property=\"og:site_name\" content=\"The Carbon Sink Argentina\" \/>\n<meta property=\"article:modified_time\" content=\"2021-06-11T18:39:37+00:00\" \/>\n<meta name=\"twitter:card\" content=\"summary_large_image\" \/>\n<meta name=\"twitter:label1\" content=\"Tiempo de lectura\" \/>\n\t<meta name=\"twitter:data1\" content=\"8 minutos\" \/>\n<script type=\"application\/ld+json\" class=\"yoast-schema-graph\">{\"@context\":\"https:\/\/schema.org\",\"@graph\":[{\"@type\":\"WebPage\",\"@id\":\"https:\/\/thecarbonsink.com\/ar\/faqs\/\",\"url\":\"https:\/\/thecarbonsink.com\/ar\/faqs\/\",\"name\":\"Preguntas frecuentes - The Carbon Sink Argentina\",\"isPartOf\":{\"@id\":\"https:\/\/thecarbonsink.com\/ar\/#website\"},\"datePublished\":\"2020-11-08T16:34:05+00:00\",\"dateModified\":\"2021-06-11T18:39:37+00:00\",\"breadcrumb\":{\"@id\":\"https:\/\/thecarbonsink.com\/ar\/faqs\/#breadcrumb\"},\"inLanguage\":\"es\",\"potentialAction\":[{\"@type\":\"ReadAction\",\"target\":[\"https:\/\/thecarbonsink.com\/ar\/faqs\/\"]}]},{\"@type\":\"BreadcrumbList\",\"@id\":\"https:\/\/thecarbonsink.com\/ar\/faqs\/#breadcrumb\",\"itemListElement\":[{\"@type\":\"ListItem\",\"position\":1,\"name\":\"Portada\",\"item\":\"https:\/\/thecarbonsink.com\/ar\/\"},{\"@type\":\"ListItem\",\"position\":2,\"name\":\"Preguntas frecuentes\"}]},{\"@type\":\"WebSite\",\"@id\":\"https:\/\/thecarbonsink.com\/ar\/#website\",\"url\":\"https:\/\/thecarbonsink.com\/ar\/\",\"name\":\"The Carbon Sink Argentina\",\"description\":\"Med\u00ed tu huella de carbono\",\"potentialAction\":[{\"@type\":\"SearchAction\",\"target\":{\"@type\":\"EntryPoint\",\"urlTemplate\":\"https:\/\/thecarbonsink.com\/ar\/?s={search_term_string}\"},\"query-input\":{\"@type\":\"PropertyValueSpecification\",\"valueRequired\":true,\"valueName\":\"search_term_string\"}}],\"inLanguage\":\"es\"}]}<\/script>\n<!-- \/ Yoast SEO plugin. -->","yoast_head_json":{"title":"Preguntas frecuentes - The Carbon Sink Argentina","robots":{"index":"index","follow":"follow","max-snippet":"max-snippet:-1","max-image-preview":"max-image-preview:large","max-video-preview":"max-video-preview:-1"},"canonical":"https:\/\/thecarbonsink.com\/ar\/faqs\/","og_locale":"es_ES","og_type":"article","og_title":"Preguntas frecuentes - The Carbon Sink Argentina","og_description":"[vc_row type=\u00bbin_container\u00bb full_screen_row_position=\u00bbmiddle\u00bb column_margin=\u00bbdefault\u00bb column_direction=\u00bbdefault\u00bb column_direction_tablet=\u00bbdefault\u00bb column_direction_phone=\u00bbdefault\u00bb scene_position=\u00bbcenter\u00bb top_padding=\u00bb40px\u00bb bottom_padding=\u00bb100px\u00bb text_color=\u00bbdark\u00bb text_align=\u00bbleft\u00bb row_border_radius=\u00bbnone\u00bb row_border_radius_applies=\u00bbbg\u00bb overlay_strength=\u00bb0.3&#8243; gradient_direction=\u00bbleft_to_right\u00bb shape_divider_position=\u00bbbottom\u00bb bg_image_animation=\u00bbnone\u00bb shape_type=\u00bb\u00bb][vc_column column_padding=\u00bbno-extra-padding\u00bb column_padding_tablet=\u00bbinherit\u00bb column_padding_phone=\u00bbinherit\u00bb column_padding_position=\u00bball\u00bb background_color_opacity=\u00bb1&#8243; background_hover_color_opacity=\u00bb1&#8243;...","og_url":"https:\/\/thecarbonsink.com\/ar\/faqs\/","og_site_name":"The Carbon Sink Argentina","article_modified_time":"2021-06-11T18:39:37+00:00","twitter_card":"summary_large_image","twitter_misc":{"Tiempo de lectura":"8 minutos"},"schema":{"@context":"https:\/\/schema.org","@graph":[{"@type":"WebPage","@id":"https:\/\/thecarbonsink.com\/ar\/faqs\/","url":"https:\/\/thecarbonsink.com\/ar\/faqs\/","name":"Preguntas frecuentes - The Carbon Sink Argentina","isPartOf":{"@id":"https:\/\/thecarbonsink.com\/ar\/#website"},"datePublished":"2020-11-08T16:34:05+00:00","dateModified":"2021-06-11T18:39:37+00:00","breadcrumb":{"@id":"https:\/\/thecarbonsink.com\/ar\/faqs\/#breadcrumb"},"inLanguage":"es","potentialAction":[{"@type":"ReadAction","target":["https:\/\/thecarbonsink.com\/ar\/faqs\/"]}]},{"@type":"BreadcrumbList","@id":"https:\/\/thecarbonsink.com\/ar\/faqs\/#breadcrumb","itemListElement":[{"@type":"ListItem","position":1,"name":"Portada","item":"https:\/\/thecarbonsink.com\/ar\/"},{"@type":"ListItem","position":2,"name":"Preguntas frecuentes"}]},{"@type":"WebSite","@id":"https:\/\/thecarbonsink.com\/ar\/#website","url":"https:\/\/thecarbonsink.com\/ar\/","name":"The Carbon Sink Argentina","description":"Med\u00ed tu huella de carbono","potentialAction":[{"@type":"SearchAction","target":{"@type":"EntryPoint","urlTemplate":"https:\/\/thecarbonsink.com\/ar\/?s={search_term_string}"},"query-input":{"@type":"PropertyValueSpecification","valueRequired":true,"valueName":"search_term_string"}}],"inLanguage":"es"}]}},"_links":{"self":[{"href":"https:\/\/thecarbonsink.com\/ar\/wp-json\/wp\/v2\/pages\/6025"}],"collection":[{"href":"https:\/\/thecarbonsink.com\/ar\/wp-json\/wp\/v2\/pages"}],"about":[{"href":"https:\/\/thecarbonsink.com\/ar\/wp-json\/wp\/v2\/types\/page"}],"author":[{"embeddable":true,"href":"https:\/\/thecarbonsink.com\/ar\/wp-json\/wp\/v2\/users\/3"}],"replies":[{"embeddable":true,"href":"https:\/\/thecarbonsink.com\/ar\/wp-json\/wp\/v2\/comments?post=6025"}],"version-history":[{"count":0,"href":"https:\/\/thecarbonsink.com\/ar\/wp-json\/wp\/v2\/pages\/6025\/revisions"}],"wp:attachment":[{"href":"https:\/\/thecarbonsink.com\/ar\/wp-json\/wp\/v2\/media?parent=6025"}],"curies":[{"name":"wp","href":"https:\/\/api.w.org\/{rel}","templated":true}]}}